{"id":24,"date":"2023-10-14T13:50:02","date_gmt":"2023-10-14T10:50:02","guid":{"rendered":"https:\/\/palegoldenrod-kudu-275034.hostingersite.com\/?page_id=24"},"modified":"2023-10-18T15:41:15","modified_gmt":"2023-10-18T13:41:15","slug":"%d8%a7%d9%84%d8%a7%d9%86%d8%ac%d8%a7%d8%b2%d8%a7%d8%aa","status":"publish","type":"page","link":"https:\/\/al-gesr.com\/?page_id=24","title":{"rendered":"\u0627\u0644\u0625\u0646\u062c\u0627\u0632\u0627\u062a"},"content":{"rendered":"\t\t<div data-elementor-type=\"wp-page\" data-elementor-id=\"24\" class=\"elementor elementor-24\">\n\t\t\t\t\t\t\t<div class=\"elementor-element elementor-element-92c9836 e-flex e-con-boxed e-con e-parent\" data-id=\"92c9836\" data-element_type=\"container\" data-settings=\"{&quot;content_width&quot;:&quot;boxed&quot;}\" data-core-v316-plus=\"true\">\n\t\t\t\t\t<div class=\"e-con-inner\">\n\t\t\t\t<div class=\"elementor-element elementor-element-834fecc elementor-widget elementor-widget-heading\" data-id=\"834fecc\" data-element_type=\"widget\" data-widget_type=\"heading.default\">\n\t\t\t\t<div class=\"elementor-widget-container\">\n\t\t\t<style>\/*! elementor - v3.16.0 - 09-10-2023 *\/\n.elementor-heading-title{padding:0;margin:0;line-height:1}.elementor-widget-heading .elementor-heading-title[class*=elementor-size-]>a{color:inherit;font-size:inherit;line-height:inherit}.elementor-widget-heading .elementor-heading-title.elementor-size-small{font-size:15px}.elementor-widget-heading .elementor-heading-title.elementor-size-medium{font-size:19px}.elementor-widget-heading .elementor-heading-title.elementor-size-large{font-size:29px}.elementor-widget-heading .elementor-heading-title.elementor-size-xl{font-size:39px}.elementor-widget-heading .elementor-heading-title.elementor-size-xxl{font-size:59px}<\/style><h1 class=\"elementor-heading-title elementor-size-xl\">\u0627\u0644\u0625\u0646\u062c\u0627\u0632\u0627\u062a<\/h1>\t\t<\/div>\n\t\t\t\t<\/div>\n\t\t\t\t\t<\/div>\n\t\t\t\t<\/div>\n\t\t<div class=\"elementor-element elementor-element-7ef9d71 e-flex e-con-boxed e-con e-parent\" data-id=\"7ef9d71\" data-element_type=\"container\" data-settings=\"{&quot;content_width&quot;:&quot;boxed&quot;}\" data-core-v316-plus=\"true\">\n\t\t\t\t\t<div class=\"e-con-inner\">\n\t\t\t\t<div class=\"elementor-element elementor-element-108cc99 elementor-arrows-position-inside elementor-pagination-position-outside elementor-widget elementor-widget-image-carousel\" data-id=\"108cc99\" data-element_type=\"widget\" data-settings=\"{&quot;navigation&quot;:&quot;both&quot;,&quot;autoplay&quot;:&quot;yes&quot;,&quot;pause_on_hover&quot;:&quot;yes&quot;,&quot;pause_on_interaction&quot;:&quot;yes&quot;,&quot;autoplay_speed&quot;:5000,&quot;infinite&quot;:&quot;yes&quot;,&quot;speed&quot;:500}\" data-widget_type=\"image-carousel.default\">\n\t\t\t\t<div class=\"elementor-widget-container\">\n\t\t\t<style>\/*! elementor - v3.16.0 - 09-10-2023 *\/\n.elementor-widget-image-carousel .swiper,.elementor-widget-image-carousel .swiper-container{position:static}.elementor-widget-image-carousel .swiper-container .swiper-slide figure,.elementor-widget-image-carousel .swiper .swiper-slide figure{line-height:inherit}.elementor-widget-image-carousel .swiper-slide{text-align:center}.elementor-image-carousel-wrapper:not(.swiper-container-initialized):not(.swiper-initialized) .swiper-slide{max-width:calc(100% \/ var(--e-image-carousel-slides-to-show, 3))}<\/style>\t\t<div class=\"elementor-image-carousel-wrapper swiper\" dir=\"ltr\">\n\t\t\t<div class=\"elementor-image-carousel swiper-wrapper\" aria-live=\"off\">\n\t\t\t\t\t\t\t\t<div class=\"swiper-slide\" role=\"group\" aria-roledescription=\"slide\" aria-label=\"1 of 6\"><figure class=\"swiper-slide-inner\"><img decoding=\"async\" class=\"swiper-slide-image\" src=\"https:\/\/al-gesr.com\/wp-content\/uploads\/2023\/10\/\u0625\u0646\u0634\u0627\u0621-\u0627\u0644\u0643\u0628\u0627\u0631\u064a-1024x640-1-300x188-1-1.png\" alt=\"\u0625\u0646\u0634\u0627\u0621-\u0627\u0644\u0643\u0628\u0627\u0631\u064a-1024x640-1-300x188 (1)\" \/><\/figure><\/div><div class=\"swiper-slide\" role=\"group\" aria-roledescription=\"slide\" aria-label=\"2 of 6\"><figure class=\"swiper-slide-inner\"><img decoding=\"async\" class=\"swiper-slide-image\" src=\"https:\/\/al-gesr.com\/wp-content\/uploads\/2023\/10\/420222115111736-300x175-2.jpg\" alt=\"Image processed by CodeCarvings Piczard ### FREE Community Edition ### on 2022-04-21 13:11:02Z |  | L\u00ff\u00ff\u00ff\u00ff\" \/><\/figure><\/div><div class=\"swiper-slide\" role=\"group\" aria-roledescription=\"slide\" aria-label=\"3 of 6\"><figure class=\"swiper-slide-inner\"><img decoding=\"async\" class=\"swiper-slide-image\" src=\"https:\/\/al-gesr.com\/wp-content\/uploads\/2023\/10\/il-monte-galala-ain-sokhna-2-min-300x167-2.jpg\" alt=\"il-monte-galala-ain-sokhna-2-min-300x167\" \/><\/figure><\/div><div class=\"swiper-slide\" role=\"group\" aria-roledescription=\"slide\" aria-label=\"4 of 6\"><figure class=\"swiper-slide-inner\"><img decoding=\"async\" class=\"swiper-slide-image\" src=\"https:\/\/al-gesr.com\/wp-content\/uploads\/2023\/10\/elaosboa75026-300x168-1.jpg\" alt=\"elaosboa75026-300x168\" \/><\/figure><\/div><div class=\"swiper-slide\" role=\"group\" aria-roledescription=\"slide\" aria-label=\"5 of 6\"><figure class=\"swiper-slide-inner\"><img decoding=\"async\" class=\"swiper-slide-image\" src=\"https:\/\/al-gesr.com\/wp-content\/uploads\/2023\/10\/Ain-Sokhna-port-sczone-2-1024x576-1-300x169-1.jpg\" alt=\"Ain-Sokhna-port-sczone-2-1024x576-1-300x169\" \/><\/figure><\/div><div class=\"swiper-slide\" role=\"group\" aria-roledescription=\"slide\" aria-label=\"6 of 6\"><figure class=\"swiper-slide-inner\"><img decoding=\"async\" class=\"swiper-slide-image\" src=\"https:\/\/al-gesr.com\/wp-content\/uploads\/2023\/10\/648635ea1b854-300x159-1.jpg\" alt=\"648635ea1b854-300x159\" \/><\/figure><\/div>\t\t\t<\/div>\n\t\t\t\t\t\t\t\t\t\t\t\t<div class=\"elementor-swiper-button elementor-swiper-button-prev\" role=\"button\" tabindex=\"0\">\n\t\t\t\t\t\t<i aria-hidden=\"true\" class=\"eicon-chevron-left\"><\/i>\t\t\t\t\t<\/div>\n\t\t\t\t\t<div class=\"elementor-swiper-button elementor-swiper-button-next\" role=\"button\" tabindex=\"0\">\n\t\t\t\t\t\t<i aria-hidden=\"true\" class=\"eicon-chevron-right\"><\/i>\t\t\t\t\t<\/div>\n\t\t\t\t\n\t\t\t\t\t\t\t\t\t<div class=\"swiper-pagination\"><\/div>\n\t\t\t\t\t\t\t\t\t<\/div>\n\t\t\t\t<\/div>\n\t\t\t\t<\/div>\n\t\t\t\t\t<\/div>\n\t\t\t\t<\/div>\n\t\t<div class=\"elementor-element elementor-element-fd2b41a e-flex e-con-boxed e-con e-parent\" data-id=\"fd2b41a\" data-element_type=\"container\" data-settings=\"{&quot;content_width&quot;:&quot;boxed&quot;}\" data-core-v316-plus=\"true\">\n\t\t\t\t\t<div class=\"e-con-inner\">\n\t\t\t\t<div class=\"elementor-element elementor-element-28d286a elementor-widget elementor-widget-text-editor\" data-id=\"28d286a\" data-element_type=\"widget\" data-widget_type=\"text-editor.default\">\n\t\t\t\t<div class=\"elementor-widget-container\">\n\t\t\t<style>\/*! elementor - v3.16.0 - 09-10-2023 *\/\n.elementor-widget-text-editor.elementor-drop-cap-view-stacked .elementor-drop-cap{background-color:#69727d;color:#fff}.elementor-widget-text-editor.elementor-drop-cap-view-framed .elementor-drop-cap{color:#69727d;border:3px solid;background-color:transparent}.elementor-widget-text-editor:not(.elementor-drop-cap-view-default) .elementor-drop-cap{margin-top:8px}.elementor-widget-text-editor:not(.elementor-drop-cap-view-default) .elementor-drop-cap-letter{width:1em;height:1em}.elementor-widget-text-editor .elementor-drop-cap{float:right;text-align:center;line-height:1;font-size:50px}.elementor-widget-text-editor .elementor-drop-cap-letter{display:inline-block}<\/style>\t\t\t\t<h4>\u00a0<\/h4><p>\u0639\u0644\u0649 \u0645\u062f\u0649 \u0627\u0644\u0633\u0646\u0648\u0627\u062a \u0627\u0644\u0645\u0627\u0636\u064a\u0629\u060c \u062d\u0631\u0635\u062a \u0634\u0631\u0643\u0629 \u0627\u0644\u062c\u0633\u0631 \u0644\u062a\u062c\u0627\u0631\u0629 \u0627\u0644\u0623\u0633\u0645\u0646\u062a \u0639\u0644\u0649 \u062a\u0642\u062f\u064a\u0645 \u062e\u062f\u0645\u0629 \u0645\u0645\u064a\u0632\u0629 \u0623\u0633\u0627\u0633\u0647\u0627 \u0627\u0644\u0645\u0635\u062f\u0627\u0642\u064a\u0629 \u0648\u0627\u0644\u0625\u0644\u062a\u0632\u0627\u0645 \u0645\u0645\u0627 \u062c\u0639\u0644\u0647\u0627 \u0641\u064a \u0645\u0642\u062f\u0645\u0629 \u0643\u0628\u0631\u064a \u0627\u0644\u0634\u0631\u0643\u0627\u062a \u0627\u0644\u062c\u062f\u064a\u0631\u0629 \u0628\u0627\u0644\u062b\u0642\u0629 \u0648\u0627\u0644\u0642\u0627\u062f\u0631\u0629 \u0639\u0644\u064a \u062a\u062d\u0645\u0644 \u0645\u0633\u0626\u0648\u0644\u064a\u0629 \u062a\u0648\u0641\u064a\u0631 \u0643\u0645\u064a\u0627\u062a \u0647\u0627\u0626\u0644\u0629 \u0644\u0645\u062e\u062a\u0644\u0641 \u0627\u0644\u0645\u0634\u0631\u0648\u0639\u0627\u062a \u0627\u0644\u062d\u064a\u0648\u064a\u0629 \u0648\u0645\u0646\u0647\u0627 \u0639\u0644\u0649 \u0633\u0628\u064a\u0644 \u0627\u0644\u0645\u062b\u0627\u0644:<\/p><p>1. \u062a\u0637\u0648\u064a\u0631 \u0645\u064a\u0646\u0627\u0621 \u0627\u0644\u0639\u064a\u0646 \u0627\u0644\u0633\u062e\u0646\u0629.<\/p><p>2. \u0645\u062f\u064a\u0646\u0629 \u0627\u0644\u062c\u0644\u0627\u0644\u0629 \u0628\u0627\u0644\u0639\u064a\u0646 \u0627\u0644\u0633\u062e\u0646\u0629.<\/p><p>3. \u0645\u062f\u064a\u0646\u0629 \u0627\u0644\u0639\u0644\u0645\u064a\u0646 \u0627\u0644\u062c\u062f\u064a\u062f\u0629 \u0628\u0627\u0644\u0633\u0627\u062d\u0644 \u0627\u0644\u0634\u0645\u0627\u0644\u064a.<\/p><p>4. \u0627\u0644\u0639\u0627\u0635\u0645\u0629 \u0627\u0644\u0625\u062f\u0627\u0631\u064a\u0629 \u0627\u0644\u062c\u062f\u064a\u062f\u0629.<\/p><p>5. \u0645\u062f\u064a\u0646\u0629 \u0627\u0644\u0645\u0646\u0635\u0648\u0631\u0629 \u0627\u0644\u062c\u062f\u064a\u062f\u0629.<\/p><p>6. \u0645\u0634\u0631\u0648\u0639 \u0627\u0644\u062a\u062c\u0644\u0649 \u0627\u0644\u0623\u0639\u0638\u0645 \u0633\u0627\u0646\u062a \u0643\u0627\u062a\u0631\u064a\u0646.<\/p><p>7. \u0645\u0633\u062c\u062f \u0627\u0644\u0641\u062a\u0627\u062d \u0627\u0644\u0639\u0644\u064a\u0645.<\/p><p>8. \u0645\u0631\u0643\u0632 \u0645\u0635\u0631 \u0627\u0644\u062b\u0642\u0627\u0641\u064a \u0627\u0644\u0625\u0633\u0644\u0627\u0645\u064a.<\/p><p>9. \u0643\u0627\u062a\u062f\u0631\u0627\u0626\u064a\u0629 \u0627\u0644\u0639\u0627\u0635\u0645\u0629 \u0627\u0644\u0625\u062f\u0627\u0631\u064a\u0629 \u0627\u0644\u062c\u062f\u064a\u062f\u0629.<\/p><p>10. \u0645\u062d\u0637\u0627\u062a \u0645\u062a\u0631\u0648 \u0627\u0644\u0627\u0646\u0641\u0627\u0642 \u0627\u0644\u062c\u062f\u064a\u062f\u0629.<\/p><p>11. \u0645\u0634\u0631\u0648\u0639\u0627\u062a \u0627\u0644\u0637\u0631\u0642 \u0648\u0627\u0644\u0643\u0628\u0627\u0631\u064a \u0627\u0644\u062c\u062f\u064a\u062f\u0629.<\/p><p>12. \u0645\u0634\u0631\u0648\u0639 \u062a\u0628\u0637\u064a\u0646 \u0627\u0644\u062a\u0631\u0639 \u0641\u064a \u0645\u062d\u0627\u0641\u0638\u0627\u062a \u0645\u0635\u0631.<\/p><p>13. \u0645\u0634\u0631\u0648\u0639 \u062a\u0637\u0648\u064a\u0631 \u0627\u0644\u0631\u064a\u0641 \u0627\u0644\u0645\u0635\u0631\u064a (\u062d\u064a\u0627\u0629 \u0643\u0631\u064a\u0645\u0629).<\/p><p>14. \u0645\u0634\u0631\u0648\u0639\u0627\u062a \u0627\u0644\u0625\u0633\u0643\u0627\u0646 (\u062f\u0627\u0631 \u0645\u0635\u0631 \u2013 \u0633\u0643\u0646 \u0645\u0635\u0631 \u2013 \u0627\u0644\u0625\u0633\u0643\u0627\u0646 \u0627\u0644\u0627\u062c\u062a\u0645\u0627\u0639\u064a).<\/p><p>15. \u0645\u062f\u064a\u0646\u0629 \u0627\u0644\u0636\u0628\u0639\u0629 \u0628\u0645\u062d\u0627\u0641\u0638\u0629 \u0645\u0637\u0631\u0648\u062d.<\/p><p>16. \u0645\u0648\u0646\u0648\u0631\u064a\u0644 \u0627\u0644\u0642\u0627\u0647\u0631\u0629 \u0627\u0644\u0643\u0628\u0631\u0649.<\/p><p>17. \u0642\u0631\u0649 \u0644\u0627\u0641\u064a\u0633\u062a\u0627 \u0627\u0644\u0633\u062e\u0646\u0629 \u0648\u0627\u0644\u0633\u0627\u062d\u0644 \u0627\u0644\u0634\u0645\u0627\u0644\u064a.<\/p><p>18. \u0642\u0631\u0649 \u0633\u062a\u064a\u0644\u0627 \u0627\u0644\u0633\u062e\u0646\u0629 \u0648\u0627\u0644\u0633\u0627\u062d\u0644 \u0627\u0644\u0634\u0645\u0627\u0644\u064a.<\/p><p>19. \u0633\u0648\u062f\u064a\u0643 \u0627\u0644\u0634\u064a\u062e \u0632\u0627\u064a\u062f \u0648\u0627\u0644\u062a\u062c\u0645\u0639 \u0627\u0644\u062e\u0627\u0645\u0633.<\/p><p>20. \u0647\u0627\u064a\u062f \u0628\u0627\u0631\u0643 \u0627\u0644\u062a\u062c\u0645\u0639 \u0627\u0644\u062e\u0627\u0645\u0633.<\/p><p>21. \u0643\u0645\u0628\u0648\u0646\u062f \u0633\u0648\u0627\u0646 \u0644\u064a\u0643 \u0627\u0644\u062a\u062c\u0645\u0639 (\u062d\u0633\u0646 \u0639\u0644\u0627\u0645).<\/p><p>\u00a0<\/p>\t\t\t\t\t\t<\/div>\n\t\t\t\t<\/div>\n\t\t\t\t\t<\/div>\n\t\t\t\t<\/div>\n\t\t\t\t\t\t\t<\/div>\n\t\t","protected":false},"excerpt":{"rendered":"<p>\u0627\u0644\u0625\u0646\u062c\u0627\u0632\u0627\u062a \u0639\u0644\u0649 \u0645\u062f\u0649 \u0627\u0644\u0633\u0646\u0648\u0627\u062a \u0627\u0644\u0645\u0627\u0636\u064a\u0629\u060c \u062d\u0631\u0635\u062a \u0634\u0631\u0643\u0629 \u0627\u0644\u062c\u0633\u0631 \u0644\u062a\u062c\u0627\u0631\u0629 \u0627\u0644\u0623\u0633\u0645\u0646\u062a \u0639\u0644\u0649 \u062a\u0642\u062f\u064a\u0645 \u062e\u062f\u0645\u0629 \u0645\u0645\u064a\u0632\u0629 \u0623\u0633\u0627\u0633\u0647\u0627 \u0627\u0644\u0645\u0635\u062f\u0627\u0642\u064a\u0629 \u0648\u0627\u0644\u0625\u0644\u062a\u0632\u0627\u0645 \u0645\u0645\u0627 \u062c\u0639\u0644\u0647\u0627 \u0641\u064a \u0645\u0642\u062f\u0645\u0629 \u0643\u0628\u0631\u064a \u0627\u0644\u0634\u0631\u0643\u0627\u062a \u0627\u0644\u062c\u062f\u064a\u0631\u0629 \u0628\u0627\u0644\u062b\u0642\u0629 \u0648\u0627\u0644\u0642\u0627\u062f\u0631\u0629 \u0639\u0644\u064a \u062a\u062d\u0645\u0644 \u0645\u0633\u0626\u0648\u0644\u064a\u0629 \u062a\u0648\u0641\u064a\u0631 \u0643\u0645\u064a\u0627\u062a \u0647\u0627\u0626\u0644\u0629 \u0644\u0645\u062e\u062a\u0644\u0641 \u0627\u0644\u0645\u0634\u0631\u0648\u0639\u0627\u062a \u0627\u0644\u062d\u064a\u0648\u064a\u0629 \u0648\u0645\u0646\u0647\u0627 \u0639\u0644\u0649 \u0633\u0628\u064a\u0644 \u0627\u0644\u0645\u062b\u0627\u0644: 1. \u062a\u0637\u0648\u064a\u0631 \u0645\u064a\u0646\u0627\u0621 \u0627\u0644\u0639\u064a\u0646 \u0627\u0644\u0633\u062e\u0646\u0629. 2. \u0645\u062f\u064a\u0646\u0629 \u0627\u0644\u062c\u0644\u0627\u0644\u0629 \u0628\u0627\u0644\u0639\u064a\u0646 \u0627\u0644\u0633\u062e\u0646\u0629. 3. \u0645\u062f\u064a\u0646\u0629 \u0627\u0644\u0639\u0644\u0645\u064a\u0646 \u0627\u0644\u062c\u062f\u064a\u062f\u0629 \u0628\u0627\u0644\u0633\u0627\u062d\u0644 \u0627\u0644\u0634\u0645\u0627\u0644\u064a. &hellip;<\/p>\n<p class=\"read-more\"> <a class=\"\" href=\"https:\/\/al-gesr.com\/?page_id=24\"> <span class=\"screen-reader-text\">\u0627\u0644\u0625\u0646\u062c\u0627\u0632\u0627\u062a<\/span> \u0642\u0631\u0627\u0621\u0629 \u0627\u0644\u0645\u0632\u064a\u062f &raquo;<\/a><\/p>\n","protected":false},"author":1,"featured_media":0,"parent":0,"menu_order":0,"comment_status":"closed","ping_status":"closed","template":"","meta":{"site-sidebar-layout":"no-sidebar","site-content-layout":"","ast-site-content-layout":"full-width-container","site-content-style":"default","site-sidebar-style":"default","ast-global-header-display":"","ast-banner-title-visibility":"","ast-main-header-display":"","ast-hfb-above-header-display":"","ast-hfb-below-header-display":"","ast-hfb-mobile-header-display":"","site-post-title":"disabled","ast-breadcrumbs-content":"","ast-featured-img":"disabled","footer-sml-layout":"","theme-transparent-header-meta":"","adv-header-id-meta":"","stick-header-meta":"","header-above-stick-meta":"","header-main-stick-meta":"","header-below-stick-meta":"","astra-migrate-meta-layouts":"","footnotes":""},"_links":{"self":[{"href":"https:\/\/al-gesr.com\/index.php?rest_route=\/wp\/v2\/pages\/24"}],"collection":[{"href":"https:\/\/al-gesr.com\/index.php?rest_route=\/wp\/v2\/pages"}],"about":[{"href":"https:\/\/al-gesr.com\/index.php?rest_route=\/wp\/v2\/types\/page"}],"author":[{"embeddable":true,"href":"https:\/\/al-gesr.com\/index.php?rest_route=\/wp\/v2\/users\/1"}],"replies":[{"embeddable":true,"href":"https:\/\/al-gesr.com\/index.php?rest_route=%2Fwp%2Fv2%2Fcomments&post=24"}],"version-history":[{"count":62,"href":"https:\/\/al-gesr.com\/index.php?rest_route=\/wp\/v2\/pages\/24\/revisions"}],"predecessor-version":[{"id":648,"href":"https:\/\/al-gesr.com\/index.php?rest_route=\/wp\/v2\/pages\/24\/revisions\/648"}],"wp:attachment":[{"href":"https:\/\/al-gesr.com\/index.php?rest_route=%2Fwp%2Fv2%2Fmedia&parent=24"}],"curies":[{"name":"wp","href":"https:\/\/api.w.org\/{rel}","templated":true}]}}